{"id":320,"date":"2025-11-17T11:30:04","date_gmt":"2025-11-17T10:30:04","guid":{"rendered":"https:\/\/luciecortes.com\/?page_id=320"},"modified":"2025-12-04T15:42:51","modified_gmt":"2025-12-04T14:42:51","slug":"community-manager-beaute-bien-etre","status":"publish","type":"page","link":"https:\/\/luciecortes.com\/?page_id=320","title":{"rendered":"Community Management"},"content":{"rendered":"\t\t<div data-elementor-type=\"wp-page\" data-elementor-id=\"320\" class=\"elementor elementor-320\" data-elementor-post-type=\"page\">\n\t\t\t\t<div class=\"elementor-element elementor-element-45fe6000 e-con-full e-flex e-con e-parent\" data-id=\"45fe6000\" data-element_type=\"container\" data-settings=\"{&quot;background_background&quot;:&quot;classic&quot;}\">\n\t\t\t\t<div class=\"elementor-element elementor-element-22cfab14 elementor-widget elementor-widget-text-editor\" data-id=\"22cfab14\" data-element_type=\"widget\" data-widget_type=\"text-editor.default\">\n\t\t\t\t\t\t\t\t\t<p>Le Community Management<\/p>\t\t\t\t\t\t\t\t<\/div>\n\t\t\t\t<div class=\"elementor-element elementor-element-4f7b9c56 elementor-widget elementor-widget-heading\" data-id=\"4f7b9c56\" data-element_type=\"widget\" data-widget_type=\"heading.default\">\n\t\t\t\t\t<h1 class=\"elementor-heading-title elementor-size-default\">Confie-moi la <b>gestion de tes r\u00e9seaux sociaux<\/b>, et concentre-toi sur ton expertise !<\/h1>\t\t\t\t<\/div>\n\t\t\t\t<div class=\"elementor-element elementor-element-71940982 elementor-widget elementor-widget-text-editor\" data-id=\"71940982\" data-element_type=\"widget\" data-widget_type=\"text-editor.default\">\n\t\t\t\t\t\t\t\t\t<p>Tu r\u00eaves d\u2019une <strong class=\"semi-bold\"> communication digitale professionnelle et r\u00e9guli\u00e8re <\/strong> mais tu r\u00eaves aussi que quelqu\u2019un s\u2019en occupe \u00e0 ta place ? \ud83d\ude05<\/p><p>C\u2019est exactement pour \u00e7a que j\u2019ai cr\u00e9\u00e9 mon offre de\u00a0Community Management.<\/p><p>Je prends en main\u00a0<strong class=\"semi-bold\"> la totalit\u00e9 de ta pr\u00e9sence en ligne<\/strong> ; de ta strat\u00e9gie \u00e0 la cr\u00e9ation de contenu, en passant par les interactions avec ta communaut\u00e9.<\/p>\t\t\t\t\t\t\t\t<\/div>\n\t\t\t\t<\/div>\n\t\t<div class=\"elementor-element elementor-element-6e99898f e-flex e-con-boxed e-con e-parent\" data-id=\"6e99898f\" data-element_type=\"container\">\n\t\t\t\t\t<div class=\"e-con-inner\">\n\t\t<div class=\"elementor-element elementor-element-1f000e5d e-con-full e-flex e-con e-child\" data-id=\"1f000e5d\" data-element_type=\"container\">\n\t\t\t\t<div class=\"elementor-element elementor-element-648d5377 elementor-widget elementor-widget-image\" data-id=\"648d5377\" data-element_type=\"widget\" data-widget_type=\"image.default\">\n\t\t\t\t\t\t\t\t\t\t\t\t\t\t\t<img fetchpriority=\"high\" decoding=\"async\" width=\"800\" height=\"1000\" src=\"https:\/\/luciecortes.com\/wp-content\/uploads\/2025\/11\/3-819x1024.jpg\" class=\"attachment-large size-large wp-image-654\" alt=\"Community manager, gestion de r\u00e9seaux sociaux, d\u00e9velopper sa visibilit\u00e9, trouver des clients, beaut\u00e9, bien-\u00eatre\" srcset=\"https:\/\/luciecortes.com\/wp-content\/uploads\/2025\/11\/3-819x1024.jpg 819w, https:\/\/luciecortes.com\/wp-content\/uploads\/2025\/11\/3-240x300.jpg 240w, https:\/\/luciecortes.com\/wp-content\/uploads\/2025\/11\/3-768x960.jpg 768w, https:\/\/luciecortes.com\/wp-content\/uploads\/2025\/11\/3-1229x1536.jpg 1229w, https:\/\/luciecortes.com\/wp-content\/uploads\/2025\/11\/3-1638x2048.jpg 1638w, https:\/\/luciecortes.com\/wp-content\/uploads\/2025\/11\/3-scaled.jpg 2048w\" sizes=\"(max-width: 800px) 100vw, 800px\" \/>\t\t\t\t\t\t\t\t\t\t\t\t\t\t\t<\/div>\n\t\t\t\t<\/div>\n\t\t<div class=\"elementor-element elementor-element-362a019d e-con-full e-flex e-con e-child\" data-id=\"362a019d\" data-element_type=\"container\">\n\t\t\t\t<div class=\"elementor-element elementor-element-191d76c0 elementor-widget elementor-widget-text-editor\" data-id=\"191d76c0\" data-element_type=\"widget\" data-widget_type=\"text-editor.default\">\n\t\t\t\t\t\t\t\t\t<p>Ma promesse ?<\/p>\t\t\t\t\t\t\t\t<\/div>\n\t\t\t\t<div class=\"elementor-element elementor-element-d68465c elementor-widget elementor-widget-text-editor\" data-id=\"d68465c\" data-element_type=\"widget\" data-widget_type=\"text-editor.default\">\n\t\t\t\t\t\t\t\t\t<ul>\n \t<li>Tu b\u00e9n\u00e9ficies d\u2019une <strong class=\"semi-bold\">image<\/strong> cr\u00e9dible, magn\u00e9tique et diff\u00e9renciante \u2728<\/li>\n \t<li>Tes <strong class=\"semi-bold\">ventes<\/strong> et ta <strong class=\"semi-bold\">visibilit\u00e9<\/strong> augmentent \ud83e\udef0 (pendant que toi, tu te concentres sur <a href=\"http:\/\/client.es\/\">l<\/a>a vie de ton entreprise)<\/li>\n \t<li>Tes r\u00e9seaux sociaux sont quotidiennement <strong class=\"semi-bold\">actifs<\/strong> et aliment\u00e9s \ud83d\udcf2<\/li>\n \t<li>Ta communication suit un <strong class=\"semi-bold\">fil conducteur<\/strong>, sur la base d\u2019une strat\u00e9gie r\u00e9alis\u00e9e par mes soins \ud83e\udea1<\/li>\n<\/ul>\t\t\t\t\t\t\t\t<\/div>\n\t\t\t\t<div class=\"elementor-element elementor-element-2e6835ab elementor-widget elementor-widget-heading\" data-id=\"2e6835ab\" data-element_type=\"widget\" data-widget_type=\"heading.default\">\n\t\t\t\t\t<h2 class=\"elementor-heading-title elementor-size-default\">L\u2019id\u00e9e ? Que tu n\u2019investisses pas juste dans de \u201cjolis posts\u201d mais dans l\u2019objectif de <b>gagner en s\u00e9r\u00e9nit\u00e9 ET en client\u00e8le<\/b> !<\/h2>\t\t\t\t<\/div>\n\t\t\t\t<\/div>\n\t\t\t\t\t<\/div>\n\t\t\t\t<\/div>\n\t\t<div class=\"elementor-element elementor-element-4824e848 e-flex e-con-boxed e-con e-parent\" data-id=\"4824e848\" data-element_type=\"container\" data-settings=\"{&quot;background_background&quot;:&quot;classic&quot;}\">\n\t\t\t\t\t<div class=\"e-con-inner\">\n\t\t\t\t<div class=\"elementor-element elementor-element-6f49fb33 elementor-headline--style-highlight elementor-widget elementor-widget-animated-headline\" data-id=\"6f49fb33\" data-element_type=\"widget\" data-settings=\"{&quot;highlighted_text&quot;:&quot;pour toi&quot;,&quot;headline_style&quot;:&quot;highlight&quot;,&quot;marker&quot;:&quot;circle&quot;,&quot;highlight_animation_duration&quot;:1200}\" data-widget_type=\"animated-headline.default\">\n\t\t\t\t\t\t\t<h3 class=\"elementor-headline\">\n\t\t\t\t\t<span class=\"elementor-headline-plain-text elementor-headline-text-wrapper\">Ce que je fais<\/span>\n\t\t\t\t<span class=\"elementor-headline-dynamic-wrapper elementor-headline-text-wrapper\">\n\t\t\t\t\t<span class=\"elementor-headline-dynamic-text elementor-headline-text-active\">pour toi<\/span>\n\t\t\t\t<\/span>\n\t\t\t\t<\/h3>\n\t\t\t\t\t\t<\/div>\n\t\t\t\t<div class=\"elementor-element elementor-element-2696b79 elementor-widget elementor-widget-text-editor\" data-id=\"2696b79\" data-element_type=\"widget\" data-widget_type=\"text-editor.default\">\n\t\t\t\t\t\t\t\t\t<p><strong class=\"semi-bold\"> \ud83d\udca1 Strat\u00e9gie et positionnement<\/strong><\/p><p>Audit complet de tes r\u00e9seaux sociaux \/ Veille concurrentielle \/ D\u00e9finition de ton identit\u00e9, ton univers, ton identit\u00e9 et tes piliers de contenu \/ Optimisation de tes profils pour mieux convertir&#8230;<\/p><p><strong class=\"semi-bold\"> \ud83c\udfa8 Cr\u00e9ation de contenus sur-mesure<\/strong><\/p><p>Tous formats confondus (posts, carrousels, reels, stories) \/ Textes optimis\u00e9s, storytelling, \u00e9ducation, promotion \u00e9quilibr\u00e9e \/ Designs professionnels, \u00e9l\u00e9gants, adapt\u00e9s \u00e0 ton secteur d\u2019activit\u00e9 \/ Shooting photo et vid\u00e9o (si proximit\u00e9 g\u00e9ographique)<\/p><p><strong class=\"semi-bold\">\ud83d\udcc5 Planification et r\u00e9gularit\u00e9<\/strong><\/p><p>\u00c9laboration de calendriers \u00e9ditoriaux (sur la base de la strat\u00e9gie mise en place, de ton actualit\u00e9 et de tes objectifs) \/ Publication et programmation de contenus<\/p><p><strong class=\"semi-bold\">\ud83d\udc65 Gestion de ta communaut\u00e9<\/strong><\/p><p>R\u00e9ponses aux commentaires et aux messages priv\u00e9s \/ Interactions sur des comptes cibles pour maximiser ta visibilit\u00e9<\/p><p><strong class=\"semi-bold\">\ud83d\udcc8 Analyse et optimisation continue<\/strong><\/p><p>Suivi des performances \/ Ajustements strat\u00e9giques \/ Am\u00e9lioration constante des r\u00e9sultats<\/p>\t\t\t\t\t\t\t\t<\/div>\n\t\t\t\t\t<\/div>\n\t\t\t\t<\/div>\n\t\t<div class=\"elementor-element elementor-element-630e412e e-flex e-con-boxed e-con e-parent\" data-id=\"630e412e\" data-element_type=\"container\" data-settings=\"{&quot;background_background&quot;:&quot;classic&quot;}\">\n\t\t\t\t\t<div class=\"e-con-inner\">\n\t\t\t\t<div class=\"elementor-element elementor-element-72f4e9a4 elementor-widget elementor-widget-image\" data-id=\"72f4e9a4\" data-element_type=\"widget\" data-widget_type=\"image.default\">\n\t\t\t\t\t\t\t\t\t\t\t\t\t\t\t<img decoding=\"async\" width=\"800\" height=\"450\" src=\"https:\/\/luciecortes.com\/wp-content\/uploads\/2025\/11\/Design-sans-titre-1024x576.png\" class=\"attachment-large size-large wp-image-620\" alt=\"Avis sur Lucie Cort\u00e8s, community manager, coaching et formation r\u00e9seaux sociaux, pour les professionnels de la beaut\u00e9 et du bien-\u00eatre\" srcset=\"https:\/\/luciecortes.com\/wp-content\/uploads\/2025\/11\/Design-sans-titre-1024x576.png 1024w, https:\/\/luciecortes.com\/wp-content\/uploads\/2025\/11\/Design-sans-titre-300x169.png 300w, https:\/\/luciecortes.com\/wp-content\/uploads\/2025\/11\/Design-sans-titre-768x432.png 768w, https:\/\/luciecortes.com\/wp-content\/uploads\/2025\/11\/Design-sans-titre-1536x864.png 1536w, https:\/\/luciecortes.com\/wp-content\/uploads\/2025\/11\/Design-sans-titre-2048x1152.png 2048w\" sizes=\"(max-width: 800px) 100vw, 800px\" \/>\t\t\t\t\t\t\t\t\t\t\t\t\t\t\t<\/div>\n\t\t\t\t<div class=\"elementor-element elementor-element-dd11137 elementor-widget elementor-widget-text-editor\" data-id=\"dd11137\" data-element_type=\"widget\" data-widget_type=\"text-editor.default\">\n\t\t\t\t\t\t\t\t\t<strong class=\"semi-bold\">SUR DEVIS<\/strong>&#8211; Pour t\u2019assurer une prestation r\u00e9ellement adapt\u00e9e \u00e0 ton activit\u00e9, ton rythme, ton univers et tes objectifs.\t\t\t\t\t\t\t\t<\/div>\n\t\t\t\t<div class=\"elementor-element elementor-element-76041a53 elementor-align-center elementor-widget elementor-widget-button\" data-id=\"76041a53\" data-element_type=\"widget\" data-widget_type=\"button.default\">\n\t\t\t\t\t\t\t\t\t\t<a class=\"elementor-button elementor-button-link elementor-size-sm elementor-animation-grow\" href=\"https:\/\/luciecortes.com\/?page_id=45\" target=\"_blank\">\n\t\t\t\t\t\t<span class=\"elementor-button-content-wrapper\">\n\t\t\t\t\t\t\t\t\t<span class=\"elementor-button-text\">on en discute ? \ud83d\udc96<\/span>\n\t\t\t\t\t<\/span>\n\t\t\t\t\t<\/a>\n\t\t\t\t\t\t\t\t<\/div>\n\t\t\t\t\t<\/div>\n\t\t\t\t<\/div>\n\t\t\t\t<\/div>\n\t\t","protected":false},"excerpt":{"rendered":"<p>Le Community Management Confie-moi la gestion de tes r\u00e9seaux sociaux, et concentre-toi sur ton expertise ! Tu r\u00eaves d\u2019une communication digitale professionnelle et r\u00e9guli\u00e8re mais tu r\u00eaves aussi que quelqu\u2019un s\u2019en occupe \u00e0 ta place ? \ud83d\ude05 C\u2019est exactement pour \u00e7a que j\u2019ai cr\u00e9\u00e9 mon offre de\u00a0Community Management. Je prends en main\u00a0 la totalit\u00e9 de [&hellip;]<\/p>\n","protected":false},"author":1,"featured_media":654,"parent":0,"menu_order":0,"comment_status":"closed","ping_status":"closed","template":"elementor_header_footer","meta":{"footnotes":""},"class_list":["post-320","page","type-page","status-publish","has-post-thumbnail","hentry"],"yoast_head":"<!-- This site is optimized with the Yoast SEO plugin v26.4 - https:\/\/yoast.com\/wordpress\/plugins\/seo\/ -->\n<title>La Community Manager des pro&#039; de la beaut\u00e9 et du bien-\u00eatre - Lucie Cort\u00e8s<\/title>\n<meta name=\"description\" content=\"Tu souhaites confier la gestion de tes r\u00e9seaux sociaux \u00e0 une main professionnelle ? Mettons en place la strat\u00e9gie qu\u2019il te faut !\" \/>\n<meta name=\"robots\" content=\"index, follow, max-snippet:-1, max-image-preview:large, max-video-preview:-1\" \/>\n<link rel=\"canonical\" href=\"https:\/\/luciecortes.com\/?page_id=320\" \/>\n<meta property=\"og:locale\" content=\"fr_FR\" \/>\n<meta property=\"og:type\" content=\"article\" \/>\n<meta property=\"og:title\" content=\"La Community Manager des pro&#039; de la beaut\u00e9 et du bien-\u00eatre - Lucie Cort\u00e8s\" \/>\n<meta property=\"og:description\" content=\"Tu souhaites confier la gestion de tes r\u00e9seaux sociaux \u00e0 une main professionnelle ? Mettons en place la strat\u00e9gie qu\u2019il te faut !\" \/>\n<meta property=\"og:url\" content=\"https:\/\/luciecortes.com\/?page_id=320\" \/>\n<meta property=\"og:site_name\" content=\"Lucie Cort\u00e8s\" \/>\n<meta property=\"article:modified_time\" content=\"2025-12-04T14:42:51+00:00\" \/>\n<meta property=\"og:image\" content=\"https:\/\/luciecortes.com\/wp-content\/uploads\/2025\/11\/3-scaled.jpg\" \/>\n\t<meta property=\"og:image:width\" content=\"2048\" \/>\n\t<meta property=\"og:image:height\" content=\"2560\" \/>\n\t<meta property=\"og:image:type\" content=\"image\/jpeg\" \/>\n<meta name=\"twitter:card\" content=\"summary_large_image\" \/>\n<meta name=\"twitter:label1\" content=\"Dur\u00e9e de lecture estim\u00e9e\" \/>\n\t<meta name=\"twitter:data1\" content=\"2 minutes\" \/>\n<script type=\"application\/ld+json\" class=\"yoast-schema-graph\">{\"@context\":\"https:\/\/schema.org\",\"@graph\":[{\"@type\":\"WebPage\",\"@id\":\"https:\/\/luciecortes.com\/?page_id=320\",\"url\":\"https:\/\/luciecortes.com\/?page_id=320\",\"name\":\"La Community Manager des pro' de la beaut\u00e9 et du bien-\u00eatre - Lucie Cort\u00e8s\",\"isPartOf\":{\"@id\":\"https:\/\/luciecortes.com\/#website\"},\"primaryImageOfPage\":{\"@id\":\"https:\/\/luciecortes.com\/?page_id=320#primaryimage\"},\"image\":{\"@id\":\"https:\/\/luciecortes.com\/?page_id=320#primaryimage\"},\"thumbnailUrl\":\"https:\/\/luciecortes.com\/wp-content\/uploads\/2025\/11\/3-scaled.jpg\",\"datePublished\":\"2025-11-17T10:30:04+00:00\",\"dateModified\":\"2025-12-04T14:42:51+00:00\",\"description\":\"Tu souhaites confier la gestion de tes r\u00e9seaux sociaux \u00e0 une main professionnelle ? Mettons en place la strat\u00e9gie qu\u2019il te faut !\",\"breadcrumb\":{\"@id\":\"https:\/\/luciecortes.com\/?page_id=320#breadcrumb\"},\"inLanguage\":\"fr-FR\",\"potentialAction\":[{\"@type\":\"ReadAction\",\"target\":[\"https:\/\/luciecortes.com\/?page_id=320\"]}]},{\"@type\":\"ImageObject\",\"inLanguage\":\"fr-FR\",\"@id\":\"https:\/\/luciecortes.com\/?page_id=320#primaryimage\",\"url\":\"https:\/\/luciecortes.com\/wp-content\/uploads\/2025\/11\/3-scaled.jpg\",\"contentUrl\":\"https:\/\/luciecortes.com\/wp-content\/uploads\/2025\/11\/3-scaled.jpg\",\"width\":2048,\"height\":2560,\"caption\":\"community-manager-gestion-r\u00e9seaux sociaux-d\u00e9velopper-visibilit\u00e9-trouver-clients-beaut\u00e9-bien-\u00eatre\"},{\"@type\":\"BreadcrumbList\",\"@id\":\"https:\/\/luciecortes.com\/?page_id=320#breadcrumb\",\"itemListElement\":[{\"@type\":\"ListItem\",\"position\":1,\"name\":\"Accueil\",\"item\":\"https:\/\/luciecortes.com\/\"},{\"@type\":\"ListItem\",\"position\":2,\"name\":\"Community Management\"}]},{\"@type\":\"WebSite\",\"@id\":\"https:\/\/luciecortes.com\/#website\",\"url\":\"https:\/\/luciecortes.com\/\",\"name\":\"Lucie Cort\u00e8s\",\"description\":\"\",\"publisher\":{\"@id\":\"https:\/\/luciecortes.com\/#organization\"},\"potentialAction\":[{\"@type\":\"SearchAction\",\"target\":{\"@type\":\"EntryPoint\",\"urlTemplate\":\"https:\/\/luciecortes.com\/?s={search_term_string}\"},\"query-input\":{\"@type\":\"PropertyValueSpecification\",\"valueRequired\":true,\"valueName\":\"search_term_string\"}}],\"inLanguage\":\"fr-FR\"},{\"@type\":\"Organization\",\"@id\":\"https:\/\/luciecortes.com\/#organization\",\"name\":\"Lucie Cort\u00e8s\",\"url\":\"https:\/\/luciecortes.com\/\",\"logo\":{\"@type\":\"ImageObject\",\"inLanguage\":\"fr-FR\",\"@id\":\"https:\/\/luciecortes.com\/#\/schema\/logo\/image\/\",\"url\":\"https:\/\/luciecortes.com\/wp-content\/uploads\/2025\/10\/Lucie-Identites-visuelles.png\",\"contentUrl\":\"https:\/\/luciecortes.com\/wp-content\/uploads\/2025\/10\/Lucie-Identites-visuelles.png\",\"width\":1563,\"height\":1563,\"caption\":\"Lucie Cort\u00e8s\"},\"image\":{\"@id\":\"https:\/\/luciecortes.com\/#\/schema\/logo\/image\/\"}}]}<\/script>\n<!-- \/ Yoast SEO plugin. -->","yoast_head_json":{"title":"La Community Manager des pro' de la beaut\u00e9 et du bien-\u00eatre - Lucie Cort\u00e8s","description":"Tu souhaites confier la gestion de tes r\u00e9seaux sociaux \u00e0 une main professionnelle ? Mettons en place la strat\u00e9gie qu\u2019il te faut !","robots":{"index":"index","follow":"follow","max-snippet":"max-snippet:-1","max-image-preview":"max-image-preview:large","max-video-preview":"max-video-preview:-1"},"canonical":"https:\/\/luciecortes.com\/?page_id=320","og_locale":"fr_FR","og_type":"article","og_title":"La Community Manager des pro' de la beaut\u00e9 et du bien-\u00eatre - Lucie Cort\u00e8s","og_description":"Tu souhaites confier la gestion de tes r\u00e9seaux sociaux \u00e0 une main professionnelle ? Mettons en place la strat\u00e9gie qu\u2019il te faut !","og_url":"https:\/\/luciecortes.com\/?page_id=320","og_site_name":"Lucie Cort\u00e8s","article_modified_time":"2025-12-04T14:42:51+00:00","og_image":[{"width":2048,"height":2560,"url":"https:\/\/luciecortes.com\/wp-content\/uploads\/2025\/11\/3-scaled.jpg","type":"image\/jpeg"}],"twitter_card":"summary_large_image","twitter_misc":{"Dur\u00e9e de lecture estim\u00e9e":"2 minutes"},"schema":{"@context":"https:\/\/schema.org","@graph":[{"@type":"WebPage","@id":"https:\/\/luciecortes.com\/?page_id=320","url":"https:\/\/luciecortes.com\/?page_id=320","name":"La Community Manager des pro' de la beaut\u00e9 et du bien-\u00eatre - Lucie Cort\u00e8s","isPartOf":{"@id":"https:\/\/luciecortes.com\/#website"},"primaryImageOfPage":{"@id":"https:\/\/luciecortes.com\/?page_id=320#primaryimage"},"image":{"@id":"https:\/\/luciecortes.com\/?page_id=320#primaryimage"},"thumbnailUrl":"https:\/\/luciecortes.com\/wp-content\/uploads\/2025\/11\/3-scaled.jpg","datePublished":"2025-11-17T10:30:04+00:00","dateModified":"2025-12-04T14:42:51+00:00","description":"Tu souhaites confier la gestion de tes r\u00e9seaux sociaux \u00e0 une main professionnelle ? Mettons en place la strat\u00e9gie qu\u2019il te faut !","breadcrumb":{"@id":"https:\/\/luciecortes.com\/?page_id=320#breadcrumb"},"inLanguage":"fr-FR","potentialAction":[{"@type":"ReadAction","target":["https:\/\/luciecortes.com\/?page_id=320"]}]},{"@type":"ImageObject","inLanguage":"fr-FR","@id":"https:\/\/luciecortes.com\/?page_id=320#primaryimage","url":"https:\/\/luciecortes.com\/wp-content\/uploads\/2025\/11\/3-scaled.jpg","contentUrl":"https:\/\/luciecortes.com\/wp-content\/uploads\/2025\/11\/3-scaled.jpg","width":2048,"height":2560,"caption":"community-manager-gestion-r\u00e9seaux sociaux-d\u00e9velopper-visibilit\u00e9-trouver-clients-beaut\u00e9-bien-\u00eatre"},{"@type":"BreadcrumbList","@id":"https:\/\/luciecortes.com\/?page_id=320#breadcrumb","itemListElement":[{"@type":"ListItem","position":1,"name":"Accueil","item":"https:\/\/luciecortes.com\/"},{"@type":"ListItem","position":2,"name":"Community Management"}]},{"@type":"WebSite","@id":"https:\/\/luciecortes.com\/#website","url":"https:\/\/luciecortes.com\/","name":"Lucie Cort\u00e8s","description":"","publisher":{"@id":"https:\/\/luciecortes.com\/#organization"},"potentialAction":[{"@type":"SearchAction","target":{"@type":"EntryPoint","urlTemplate":"https:\/\/luciecortes.com\/?s={search_term_string}"},"query-input":{"@type":"PropertyValueSpecification","valueRequired":true,"valueName":"search_term_string"}}],"inLanguage":"fr-FR"},{"@type":"Organization","@id":"https:\/\/luciecortes.com\/#organization","name":"Lucie Cort\u00e8s","url":"https:\/\/luciecortes.com\/","logo":{"@type":"ImageObject","inLanguage":"fr-FR","@id":"https:\/\/luciecortes.com\/#\/schema\/logo\/image\/","url":"https:\/\/luciecortes.com\/wp-content\/uploads\/2025\/10\/Lucie-Identites-visuelles.png","contentUrl":"https:\/\/luciecortes.com\/wp-content\/uploads\/2025\/10\/Lucie-Identites-visuelles.png","width":1563,"height":1563,"caption":"Lucie Cort\u00e8s"},"image":{"@id":"https:\/\/luciecortes.com\/#\/schema\/logo\/image\/"}}]}},"_links":{"self":[{"href":"https:\/\/luciecortes.com\/index.php?rest_route=\/wp\/v2\/pages\/320","targetHints":{"allow":["GET"]}}],"collection":[{"href":"https:\/\/luciecortes.com\/index.php?rest_route=\/wp\/v2\/pages"}],"about":[{"href":"https:\/\/luciecortes.com\/index.php?rest_route=\/wp\/v2\/types\/page"}],"author":[{"embeddable":true,"href":"https:\/\/luciecortes.com\/index.php?rest_route=\/wp\/v2\/users\/1"}],"replies":[{"embeddable":true,"href":"https:\/\/luciecortes.com\/index.php?rest_route=%2Fwp%2Fv2%2Fcomments&post=320"}],"version-history":[{"count":42,"href":"https:\/\/luciecortes.com\/index.php?rest_route=\/wp\/v2\/pages\/320\/revisions"}],"predecessor-version":[{"id":934,"href":"https:\/\/luciecortes.com\/index.php?rest_route=\/wp\/v2\/pages\/320\/revisions\/934"}],"wp:featuredmedia":[{"embeddable":true,"href":"https:\/\/luciecortes.com\/index.php?rest_route=\/wp\/v2\/media\/654"}],"wp:attachment":[{"href":"https:\/\/luciecortes.com\/index.php?rest_route=%2Fwp%2Fv2%2Fmedia&parent=320"}],"curies":[{"name":"wp","href":"https:\/\/api.w.org\/{rel}","templated":true}]}}