{"id":43,"date":"2025-10-22T16:09:41","date_gmt":"2025-10-22T14:09:41","guid":{"rendered":"https:\/\/luciecortes.com\/?page_id=43"},"modified":"2025-12-04T19:41:16","modified_gmt":"2025-12-04T18:41:16","slug":"mes-accompagnements-lucie-cortes","status":"publish","type":"page","link":"https:\/\/luciecortes.com\/?page_id=43","title":{"rendered":"Mes accompagnements"},"content":{"rendered":"\t\t<div data-elementor-type=\"wp-page\" data-elementor-id=\"43\" class=\"elementor elementor-43\" data-elementor-post-type=\"page\">\n\t\t\t\t<div class=\"elementor-element elementor-element-1377745 e-con-full e-flex e-con e-parent\" data-id=\"1377745\" data-element_type=\"container\" data-settings=\"{&quot;background_background&quot;:&quot;classic&quot;,&quot;shape_divider_bottom&quot;:&quot;triangle-asymmetrical&quot;,&quot;shape_divider_bottom_negative&quot;:&quot;yes&quot;}\">\n\t\t\t\t<div class=\"elementor-shape elementor-shape-bottom\" aria-hidden=\"true\" data-negative=\"true\">\n\t\t\t<svg xmlns=\"http:\/\/www.w3.org\/2000\/svg\" viewBox=\"0 0 1000 100\" preserveAspectRatio=\"none\">\n\t<path class=\"elementor-shape-fill\" d=\"M737.9,94.7L0,0v100h1000V0L737.9,94.7z\"\/>\n<\/svg>\t\t<\/div>\n\t\t\t\t<div class=\"elementor-element elementor-element-9e2df05 elementor-widget elementor-widget-heading\" data-id=\"9e2df05\" data-element_type=\"widget\" data-widget_type=\"heading.default\">\n\t\t\t\t\t<h1 class=\"elementor-heading-title elementor-size-default\">D\u00e9couvre la <b>m\u00e9thode<\/b> qui transformera tes <b>r\u00e9seaux sociaux<\/b> en <font color=\"#FF8CD1\"><b>alli\u00e9s business<\/b><\/font> !<\/h1>\t\t\t\t<\/div>\n\t\t\t\t<\/div>\n\t\t<div class=\"elementor-element elementor-element-7cc0106c e-flex e-con-boxed e-con e-parent\" data-id=\"7cc0106c\" data-element_type=\"container\" data-settings=\"{&quot;background_background&quot;:&quot;classic&quot;}\">\n\t\t\t\t\t<div class=\"e-con-inner\">\n\t\t<div class=\"elementor-element elementor-element-5d2ce936 e-con-full e-flex e-con e-child\" data-id=\"5d2ce936\" data-element_type=\"container\" data-settings=\"{&quot;animation&quot;:&quot;none&quot;}\">\n\t\t\t\t<div class=\"elementor-element elementor-element-253ec924 elementor-widget elementor-widget-heading\" data-id=\"253ec924\" data-element_type=\"widget\" data-widget_type=\"heading.default\">\n\t\t\t\t\t<h2 class=\"elementor-heading-title elementor-size-default\">Ce qu\u2019on veut ?\nPas de \u201cbla-bla\u201d : des R\u00c9SULTATS !<\/h2>\t\t\t\t<\/div>\n\t\t\t\t<div class=\"elementor-element elementor-element-4bfb9aa9 elementor-widget elementor-widget-text-editor\" data-id=\"4bfb9aa9\" data-element_type=\"widget\" data-widget_type=\"text-editor.default\">\n\t\t\t\t\t\t\t\t\t<p>Entre le <strong class=\"semi-bold\">manque d&rsquo;id\u00e9es<\/strong> ou le temps que tu y passes pour n\u2019observer <strong class=\"semi-bold\">aucun retour sur investissement<\/strong> : les r\u00e9seaux sociaux sont pour toi inutiles, si ce n\u2019est une corv\u00e9e.<br \/><br \/><em>\ud83d\udc49 Soit les r\u00e9sultats ne sont pas au rendez-vous, soit tes abonn\u00e9s sont r\u00e9actifs mais peu d\u2019entre eux deviennent r\u00e9ellement tes clients.<\/em><\/p><p>Et \u00e7a, c\u2019est simplement parce qu\u2019\u00e0 ce jour, il te manque une <strong class=\"semi-bold\" style=\"color: #ff8cd1;\">structure claire<\/strong> ainsi qu\u2019une <strong class=\"semi-bold\" style=\"color: #ff8cd1;\">direction strat\u00e9gique<\/strong> !<\/p>\t\t\t\t\t\t\t\t<\/div>\n\t\t\t\t<\/div>\n\t\t\t\t\t<\/div>\n\t\t\t\t<\/div>\n\t\t<div class=\"elementor-element elementor-element-01caf7d e-flex e-con-boxed e-con e-parent\" data-id=\"01caf7d\" data-element_type=\"container\" data-settings=\"{&quot;background_background&quot;:&quot;classic&quot;}\">\n\t\t\t\t\t<div class=\"e-con-inner\">\n\t\t<div class=\"elementor-element elementor-element-a0976a9 e-con-full e-flex e-con e-child\" data-id=\"a0976a9\" data-element_type=\"container\" data-settings=\"{&quot;animation&quot;:&quot;none&quot;}\">\n\t\t\t\t<div class=\"elementor-element elementor-element-73bb9ae elementor-widget elementor-widget-heading\" data-id=\"73bb9ae\" data-element_type=\"widget\" data-widget_type=\"heading.default\">\n\t\t\t\t\t<h2 class=\"elementor-heading-title elementor-size-default\">Pr\u00eat.e \u00e0 transformer tes r\u00e9seaux sociaux en outils de prospection rentables ?\nAlors jette un oeil \u00e0 \u00e7a \ud83d\udc47<\/h2>\t\t\t\t<\/div>\n\t\t\t\t<\/div>\n\t\t\t\t\t<\/div>\n\t\t\t\t<\/div>\n\t\t<div class=\"elementor-element elementor-element-55145211 e-con-full e-flex e-con e-parent\" data-id=\"55145211\" data-element_type=\"container\" data-settings=\"{&quot;background_background&quot;:&quot;classic&quot;}\">\n\t\t<div class=\"elementor-element elementor-element-58dce066 e-con-full e-flex e-con e-child\" data-id=\"58dce066\" data-element_type=\"container\">\n\t\t<div class=\"elementor-element elementor-element-61f64805 e-con-full e-flex e-con e-child\" data-id=\"61f64805\" data-element_type=\"container\" data-settings=\"{&quot;animation&quot;:&quot;none&quot;}\">\n\t\t\t\t<div class=\"elementor-element elementor-element-3ce4dc3c elementor-cta--layout-image-above elementor-widget__width-inherit elementor-cta--skin-classic elementor-animated-content elementor-widget elementor-widget-call-to-action\" data-id=\"3ce4dc3c\" data-element_type=\"widget\" data-widget_type=\"call-to-action.default\">\n\t\t\t\t\t\t\t<div class=\"elementor-cta\">\n\t\t\t\t\t<div class=\"elementor-cta__bg-wrapper\">\n\t\t\t\t<div class=\"elementor-cta__bg elementor-bg\" style=\"background-image: url(https:\/\/luciecortes.com\/wp-content\/uploads\/2025\/11\/1-819x1024.jpg);\" role=\"img\" aria-label=\"Formation en ligne pour apprendre \u00e0 g\u00e9rer ses r\u00e9seaux sociaux, communication digitale, attirer des clients, gagner en visibilit\u00e9, institut de beaut\u00e9, infopreneur, formation, beaut\u00e9 et bien-\u00eatre\"><\/div>\n\t\t\t\t<div class=\"elementor-cta__bg-overlay\"><\/div>\n\t\t\t<\/div>\n\t\t\t\t\t\t\t<div class=\"elementor-cta__content\">\n\t\t\t\t\n\t\t\t\t\t\t\t\t\t<h3 class=\"elementor-cta__title elementor-cta__content-item elementor-content-item\">\n\t\t\t\t\t\tBrille aujourd'hui\t\t\t\t\t<\/h3>\n\t\t\t\t\n\t\t\t\t\t\t\t\t\t<div class=\"elementor-cta__description elementor-cta__content-item elementor-content-item\">\n\t\t\t\t\t\tLa formation en ligne pour les professionnels de la beaut\u00e9 et du bien-\u00eatre qui veulent transformer leurs r\u00e9seaux sociaux en canaux d\u2019acquisition clients !\t\t\t\t\t<\/div>\n\t\t\t\t\n\t\t\t\t\t\t\t<\/div>\n\t\t\t\t\t\t<\/div>\n\t\t\t\t\t\t<\/div>\n\t\t\t\t<div class=\"elementor-element elementor-element-2c0aae1a elementor-align-center elementor-widget elementor-widget-button\" data-id=\"2c0aae1a\" data-element_type=\"widget\" data-widget_type=\"button.default\">\n\t\t\t\t\t\t\t\t\t\t<a class=\"elementor-button elementor-button-link elementor-size-sm elementor-animation-grow\" href=\"https:\/\/luciecortes.com\/?page_id=316\" target=\"_blank\">\n\t\t\t\t\t\t<span class=\"elementor-button-content-wrapper\">\n\t\t\t\t\t\t\t\t\t<span class=\"elementor-button-text\">en savoir +<\/span>\n\t\t\t\t\t<\/span>\n\t\t\t\t\t<\/a>\n\t\t\t\t\t\t\t\t<\/div>\n\t\t\t\t<\/div>\n\t\t<div class=\"elementor-element elementor-element-3602fe41 e-con-full e-flex e-con e-child\" data-id=\"3602fe41\" data-element_type=\"container\">\n\t\t\t\t<div class=\"elementor-element elementor-element-3cabebf elementor-cta--layout-image-above elementor-widget__width-inherit elementor-cta--skin-classic elementor-animated-content elementor-widget elementor-widget-call-to-action\" data-id=\"3cabebf\" data-element_type=\"widget\" data-widget_type=\"call-to-action.default\">\n\t\t\t\t\t\t\t<div class=\"elementor-cta\">\n\t\t\t\t\t<div class=\"elementor-cta__bg-wrapper\">\n\t\t\t\t<div class=\"elementor-cta__bg elementor-bg\" style=\"background-image: url(https:\/\/luciecortes.com\/wp-content\/uploads\/2025\/11\/2-819x1024.jpg);\" role=\"img\" aria-label=\"Coaching personnalis\u00e9 pour apprendre \u00e0 g\u00e9rer ses r\u00e9seaux sociaux, communication digitale, attirer des clients, gagner en visibilit\u00e9, institut de beaut\u00e9, infopreneur, formation, beaut\u00e9 et bien-\u00eatre\"><\/div>\n\t\t\t\t<div class=\"elementor-cta__bg-overlay\"><\/div>\n\t\t\t<\/div>\n\t\t\t\t\t\t\t<div class=\"elementor-cta__content\">\n\t\t\t\t\n\t\t\t\t\t\t\t\t\t<h3 class=\"elementor-cta__title elementor-cta__content-item elementor-content-item\">\n\t\t\t\t\t\tLe Coaching uuultra personnalis\u00e9\t\t\t\t\t<\/h3>\n\t\t\t\t\n\t\t\t\t\t\t\t\t\t<div class=\"elementor-cta__description elementor-cta__content-item elementor-content-item\">\n\t\t\t\t\t\tFais-toi conseiller, guider et accompagner en 1:1 ! \t\t\t\t\t<\/div>\n\t\t\t\t\n\t\t\t\t\t\t\t<\/div>\n\t\t\t\t\t\t<\/div>\n\t\t\t\t\t\t<\/div>\n\t\t\t\t<div class=\"elementor-element elementor-element-28f9c6d elementor-align-center elementor-widget elementor-widget-button\" data-id=\"28f9c6d\" data-element_type=\"widget\" data-widget_type=\"button.default\">\n\t\t\t\t\t\t\t\t\t\t<a class=\"elementor-button elementor-button-link elementor-size-sm elementor-animation-grow\" href=\"https:\/\/luciecortes.com\/?page_id=318\" target=\"_blank\">\n\t\t\t\t\t\t<span class=\"elementor-button-content-wrapper\">\n\t\t\t\t\t\t\t\t\t<span class=\"elementor-button-text\">en savoir +<\/span>\n\t\t\t\t\t<\/span>\n\t\t\t\t\t<\/a>\n\t\t\t\t\t\t\t\t<\/div>\n\t\t\t\t<\/div>\n\t\t<div class=\"elementor-element elementor-element-3e2de3ec e-con-full e-flex e-con e-child\" data-id=\"3e2de3ec\" data-element_type=\"container\">\n\t\t\t\t<div class=\"elementor-element elementor-element-34b9bad4 elementor-cta--layout-image-above elementor-widget__width-inherit elementor-cta--skin-classic elementor-animated-content elementor-widget elementor-widget-call-to-action\" data-id=\"34b9bad4\" data-element_type=\"widget\" data-widget_type=\"call-to-action.default\">\n\t\t\t\t\t\t\t<div class=\"elementor-cta\">\n\t\t\t\t\t<div class=\"elementor-cta__bg-wrapper\">\n\t\t\t\t<div class=\"elementor-cta__bg elementor-bg\" style=\"background-image: url(https:\/\/luciecortes.com\/wp-content\/uploads\/2025\/11\/3-819x1024.jpg);\" role=\"img\" aria-label=\"Community manager, gestion de r\u00e9seaux sociaux, d\u00e9velopper sa visibilit\u00e9, trouver des clients, beaut\u00e9, bien-\u00eatre\"><\/div>\n\t\t\t\t<div class=\"elementor-cta__bg-overlay\"><\/div>\n\t\t\t<\/div>\n\t\t\t\t\t\t\t<div class=\"elementor-cta__content\">\n\t\t\t\t\n\t\t\t\t\t\t\t\t\t<h3 class=\"elementor-cta__title elementor-cta__content-item elementor-content-item\">\n\t\t\t\t\t\tCommunity Management\t\t\t\t\t<\/h3>\n\t\t\t\t\n\t\t\t\t\t\t\t\t\t<div class=\"elementor-cta__description elementor-cta__content-item elementor-content-item\">\n\t\t\t\t\t\tBesoin de confier tes r\u00e9seaux sociaux \u00e0 une main experte en la mati\u00e8re ?\nJe suis l\u00e0 pour les g\u00e9rer \u00e0 temps plein !\t\t\t\t\t<\/div>\n\t\t\t\t\n\t\t\t\t\t\t\t<\/div>\n\t\t\t\t\t\t<\/div>\n\t\t\t\t\t\t<\/div>\n\t\t\t\t<div class=\"elementor-element elementor-element-98e6c5c elementor-align-center elementor-widget elementor-widget-button\" data-id=\"98e6c5c\" data-element_type=\"widget\" data-widget_type=\"button.default\">\n\t\t\t\t\t\t\t\t\t\t<a class=\"elementor-button elementor-button-link elementor-size-sm elementor-animation-grow\" href=\"https:\/\/luciecortes.com\/?page_id=320\" target=\"_blank\">\n\t\t\t\t\t\t<span class=\"elementor-button-content-wrapper\">\n\t\t\t\t\t\t\t\t\t<span class=\"elementor-button-text\">en savoir +<\/span>\n\t\t\t\t\t<\/span>\n\t\t\t\t\t<\/a>\n\t\t\t\t\t\t\t\t<\/div>\n\t\t\t\t<\/div>\n\t\t\t\t<\/div>\n\t\t\t\t<\/div>\n\t\t\t\t<\/div>\n\t\t","protected":false},"excerpt":{"rendered":"<p>D\u00e9couvre la m\u00e9thode qui transformera tes r\u00e9seaux sociaux en alli\u00e9s business ! Ce qu\u2019on veut ? Pas de \u201cbla-bla\u201d : des R\u00c9SULTATS ! Entre le manque d&rsquo;id\u00e9es ou le temps que tu y passes pour n\u2019observer aucun retour sur investissement : les r\u00e9seaux sociaux sont pour toi inutiles, si ce n\u2019est une corv\u00e9e. \ud83d\udc49 Soit [&hellip;]<\/p>\n","protected":false},"author":1,"featured_media":0,"parent":0,"menu_order":0,"comment_status":"closed","ping_status":"closed","template":"","meta":{"footnotes":""},"class_list":["post-43","page","type-page","status-publish","hentry"],"yoast_head":"<!-- This site is optimized with the Yoast SEO plugin v26.4 - https:\/\/yoast.com\/wordpress\/plugins\/seo\/ -->\n<title>Mes accompagnements - Lucie Cort\u00e8s<\/title>\n<meta name=\"description\" content=\"D\u00e9couvre mes accompagnements pour trouver des clients gr\u00e2ce aux r\u00e9seaux sociaux : formation, coaching et community management.\" \/>\n<meta name=\"robots\" content=\"index, follow, max-snippet:-1, max-image-preview:large, max-video-preview:-1\" \/>\n<link rel=\"canonical\" href=\"https:\/\/luciecortes.com\/?page_id=43\" \/>\n<meta property=\"og:locale\" content=\"fr_FR\" \/>\n<meta property=\"og:type\" content=\"article\" \/>\n<meta property=\"og:title\" content=\"Mes accompagnements - Lucie Cort\u00e8s\" \/>\n<meta property=\"og:description\" content=\"D\u00e9couvre mes accompagnements pour trouver des clients gr\u00e2ce aux r\u00e9seaux sociaux : formation, coaching et community management.\" \/>\n<meta property=\"og:url\" content=\"https:\/\/luciecortes.com\/?page_id=43\" \/>\n<meta property=\"og:site_name\" content=\"Lucie Cort\u00e8s\" \/>\n<meta property=\"article:modified_time\" content=\"2025-12-04T18:41:16+00:00\" \/>\n<meta name=\"twitter:card\" content=\"summary_large_image\" \/>\n<meta name=\"twitter:label1\" content=\"Dur\u00e9e de lecture estim\u00e9e\" \/>\n\t<meta name=\"twitter:data1\" content=\"1 minute\" \/>\n<script type=\"application\/ld+json\" class=\"yoast-schema-graph\">{\"@context\":\"https:\/\/schema.org\",\"@graph\":[{\"@type\":\"WebPage\",\"@id\":\"https:\/\/luciecortes.com\/?page_id=43\",\"url\":\"https:\/\/luciecortes.com\/?page_id=43\",\"name\":\"Mes accompagnements - Lucie Cort\u00e8s\",\"isPartOf\":{\"@id\":\"https:\/\/luciecortes.com\/#website\"},\"datePublished\":\"2025-10-22T14:09:41+00:00\",\"dateModified\":\"2025-12-04T18:41:16+00:00\",\"description\":\"D\u00e9couvre mes accompagnements pour trouver des clients gr\u00e2ce aux r\u00e9seaux sociaux : formation, coaching et community management.\",\"breadcrumb\":{\"@id\":\"https:\/\/luciecortes.com\/?page_id=43#breadcrumb\"},\"inLanguage\":\"fr-FR\",\"potentialAction\":[{\"@type\":\"ReadAction\",\"target\":[\"https:\/\/luciecortes.com\/?page_id=43\"]}]},{\"@type\":\"BreadcrumbList\",\"@id\":\"https:\/\/luciecortes.com\/?page_id=43#breadcrumb\",\"itemListElement\":[{\"@type\":\"ListItem\",\"position\":1,\"name\":\"Accueil\",\"item\":\"https:\/\/luciecortes.com\/\"},{\"@type\":\"ListItem\",\"position\":2,\"name\":\"Mes accompagnements\"}]},{\"@type\":\"WebSite\",\"@id\":\"https:\/\/luciecortes.com\/#website\",\"url\":\"https:\/\/luciecortes.com\/\",\"name\":\"Lucie Cort\u00e8s\",\"description\":\"\",\"publisher\":{\"@id\":\"https:\/\/luciecortes.com\/#organization\"},\"potentialAction\":[{\"@type\":\"SearchAction\",\"target\":{\"@type\":\"EntryPoint\",\"urlTemplate\":\"https:\/\/luciecortes.com\/?s={search_term_string}\"},\"query-input\":{\"@type\":\"PropertyValueSpecification\",\"valueRequired\":true,\"valueName\":\"search_term_string\"}}],\"inLanguage\":\"fr-FR\"},{\"@type\":\"Organization\",\"@id\":\"https:\/\/luciecortes.com\/#organization\",\"name\":\"Lucie Cort\u00e8s\",\"url\":\"https:\/\/luciecortes.com\/\",\"logo\":{\"@type\":\"ImageObject\",\"inLanguage\":\"fr-FR\",\"@id\":\"https:\/\/luciecortes.com\/#\/schema\/logo\/image\/\",\"url\":\"https:\/\/luciecortes.com\/wp-content\/uploads\/2025\/10\/Lucie-Identites-visuelles.png\",\"contentUrl\":\"https:\/\/luciecortes.com\/wp-content\/uploads\/2025\/10\/Lucie-Identites-visuelles.png\",\"width\":1563,\"height\":1563,\"caption\":\"Lucie Cort\u00e8s\"},\"image\":{\"@id\":\"https:\/\/luciecortes.com\/#\/schema\/logo\/image\/\"}}]}<\/script>\n<!-- \/ Yoast SEO plugin. -->","yoast_head_json":{"title":"Mes accompagnements - Lucie Cort\u00e8s","description":"D\u00e9couvre mes accompagnements pour trouver des clients gr\u00e2ce aux r\u00e9seaux sociaux : formation, coaching et community management.","robots":{"index":"index","follow":"follow","max-snippet":"max-snippet:-1","max-image-preview":"max-image-preview:large","max-video-preview":"max-video-preview:-1"},"canonical":"https:\/\/luciecortes.com\/?page_id=43","og_locale":"fr_FR","og_type":"article","og_title":"Mes accompagnements - Lucie Cort\u00e8s","og_description":"D\u00e9couvre mes accompagnements pour trouver des clients gr\u00e2ce aux r\u00e9seaux sociaux : formation, coaching et community management.","og_url":"https:\/\/luciecortes.com\/?page_id=43","og_site_name":"Lucie Cort\u00e8s","article_modified_time":"2025-12-04T18:41:16+00:00","twitter_card":"summary_large_image","twitter_misc":{"Dur\u00e9e de lecture estim\u00e9e":"1 minute"},"schema":{"@context":"https:\/\/schema.org","@graph":[{"@type":"WebPage","@id":"https:\/\/luciecortes.com\/?page_id=43","url":"https:\/\/luciecortes.com\/?page_id=43","name":"Mes accompagnements - Lucie Cort\u00e8s","isPartOf":{"@id":"https:\/\/luciecortes.com\/#website"},"datePublished":"2025-10-22T14:09:41+00:00","dateModified":"2025-12-04T18:41:16+00:00","description":"D\u00e9couvre mes accompagnements pour trouver des clients gr\u00e2ce aux r\u00e9seaux sociaux : formation, coaching et community management.","breadcrumb":{"@id":"https:\/\/luciecortes.com\/?page_id=43#breadcrumb"},"inLanguage":"fr-FR","potentialAction":[{"@type":"ReadAction","target":["https:\/\/luciecortes.com\/?page_id=43"]}]},{"@type":"BreadcrumbList","@id":"https:\/\/luciecortes.com\/?page_id=43#breadcrumb","itemListElement":[{"@type":"ListItem","position":1,"name":"Accueil","item":"https:\/\/luciecortes.com\/"},{"@type":"ListItem","position":2,"name":"Mes accompagnements"}]},{"@type":"WebSite","@id":"https:\/\/luciecortes.com\/#website","url":"https:\/\/luciecortes.com\/","name":"Lucie Cort\u00e8s","description":"","publisher":{"@id":"https:\/\/luciecortes.com\/#organization"},"potentialAction":[{"@type":"SearchAction","target":{"@type":"EntryPoint","urlTemplate":"https:\/\/luciecortes.com\/?s={search_term_string}"},"query-input":{"@type":"PropertyValueSpecification","valueRequired":true,"valueName":"search_term_string"}}],"inLanguage":"fr-FR"},{"@type":"Organization","@id":"https:\/\/luciecortes.com\/#organization","name":"Lucie Cort\u00e8s","url":"https:\/\/luciecortes.com\/","logo":{"@type":"ImageObject","inLanguage":"fr-FR","@id":"https:\/\/luciecortes.com\/#\/schema\/logo\/image\/","url":"https:\/\/luciecortes.com\/wp-content\/uploads\/2025\/10\/Lucie-Identites-visuelles.png","contentUrl":"https:\/\/luciecortes.com\/wp-content\/uploads\/2025\/10\/Lucie-Identites-visuelles.png","width":1563,"height":1563,"caption":"Lucie Cort\u00e8s"},"image":{"@id":"https:\/\/luciecortes.com\/#\/schema\/logo\/image\/"}}]}},"_links":{"self":[{"href":"https:\/\/luciecortes.com\/index.php?rest_route=\/wp\/v2\/pages\/43","targetHints":{"allow":["GET"]}}],"collection":[{"href":"https:\/\/luciecortes.com\/index.php?rest_route=\/wp\/v2\/pages"}],"about":[{"href":"https:\/\/luciecortes.com\/index.php?rest_route=\/wp\/v2\/types\/page"}],"author":[{"embeddable":true,"href":"https:\/\/luciecortes.com\/index.php?rest_route=\/wp\/v2\/users\/1"}],"replies":[{"embeddable":true,"href":"https:\/\/luciecortes.com\/index.php?rest_route=%2Fwp%2Fv2%2Fcomments&post=43"}],"version-history":[{"count":64,"href":"https:\/\/luciecortes.com\/index.php?rest_route=\/wp\/v2\/pages\/43\/revisions"}],"predecessor-version":[{"id":949,"href":"https:\/\/luciecortes.com\/index.php?rest_route=\/wp\/v2\/pages\/43\/revisions\/949"}],"wp:attachment":[{"href":"https:\/\/luciecortes.com\/index.php?rest_route=%2Fwp%2Fv2%2Fmedia&parent=43"}],"curies":[{"name":"wp","href":"https:\/\/api.w.org\/{rel}","templated":true}]}}