{"id":45,"date":"2025-10-22T16:09:37","date_gmt":"2025-10-22T14:09:37","guid":{"rendered":"https:\/\/luciecortes.com\/?page_id=45"},"modified":"2025-11-28T16:00:05","modified_gmt":"2025-11-28T15:00:05","slug":"contact-lucie-cortes","status":"publish","type":"page","link":"https:\/\/luciecortes.com\/?page_id=45","title":{"rendered":"Contact"},"content":{"rendered":"\t\t<div data-elementor-type=\"wp-page\" data-elementor-id=\"45\" class=\"elementor elementor-45\" data-elementor-post-type=\"page\">\n\t\t\t\t<div class=\"elementor-element elementor-element-3dc9d131 e-con-full e-flex e-con e-parent\" data-id=\"3dc9d131\" data-element_type=\"container\" data-settings=\"{&quot;background_background&quot;:&quot;classic&quot;,&quot;shape_divider_bottom&quot;:&quot;triangle-asymmetrical&quot;,&quot;shape_divider_bottom_negative&quot;:&quot;yes&quot;}\">\n\t\t\t\t<div class=\"elementor-shape elementor-shape-bottom\" aria-hidden=\"true\" data-negative=\"true\">\n\t\t\t<svg xmlns=\"http:\/\/www.w3.org\/2000\/svg\" viewBox=\"0 0 1000 100\" preserveAspectRatio=\"none\">\n\t<path class=\"elementor-shape-fill\" d=\"M737.9,94.7L0,0v100h1000V0L737.9,94.7z\"\/>\n<\/svg>\t\t<\/div>\n\t\t\t\t<div class=\"elementor-element elementor-element-2ff11bcd elementor-widget elementor-widget-heading\" data-id=\"2ff11bcd\" data-element_type=\"widget\" data-widget_type=\"heading.default\">\n\t\t\t\t\t<h1 class=\"elementor-heading-title elementor-size-default\">Ton <b>projet<\/b>, tes <b>besoins<\/b>, tes <b>objectifs<\/b>...<\/h1>\t\t\t\t<\/div>\n\t\t\t\t<div class=\"elementor-element elementor-element-45b179fe elementor-widget elementor-widget-text-editor\" data-id=\"45b179fe\" data-element_type=\"widget\" data-widget_type=\"text-editor.default\">\n\t\t\t\t\t\t\t\t\t<p><span class=\"notion-enable-hover\" data-token-index=\"0\">Parlons-en !<\/span><\/p>\t\t\t\t\t\t\t\t<\/div>\n\t\t\t\t<\/div>\n\t\t<div class=\"elementor-element elementor-element-565094f e-flex e-con-boxed e-con e-parent\" data-id=\"565094f\" data-element_type=\"container\" data-settings=\"{&quot;background_background&quot;:&quot;classic&quot;}\">\n\t\t\t\t\t<div class=\"e-con-inner\">\n\t\t\t\t<div class=\"elementor-element elementor-element-a22189a elementor-widget elementor-widget-heading\" data-id=\"a22189a\" data-element_type=\"widget\" data-widget_type=\"heading.default\">\n\t\t\t\t\t<h2 class=\"elementor-heading-title elementor-size-default\">Tu aimerais te lancer ?\n<b>Je suis \u00e0 ton \u00e9coute<\/b> !<\/h2>\t\t\t\t<\/div>\n\t\t\t\t<div class=\"elementor-element elementor-element-4f9b865 elementor-widget elementor-widget-text-editor\" data-id=\"4f9b865\" data-element_type=\"widget\" data-widget_type=\"text-editor.default\">\n\t\t\t\t\t\t\t\t\t<p>Je serais ravie de pouvoir \u00e9changer avec toi afin de te proposer <b>LA solution<\/b> qui te correspondra le mieux. \ud83e\udef6<\/p><p>Pour cela, n\u2019h\u00e9site pas \u00e0 me laisser un <b>petit message<\/b> ci-dessous :<\/p>\t\t\t\t\t\t\t\t<\/div>\n\t\t\t\t<div class=\"elementor-element elementor-element-22d37cd elementor-widget elementor-widget-text-editor\" data-id=\"22d37cd\" data-element_type=\"widget\" data-widget_type=\"text-editor.default\">\n\t\t\t\t\t\t\t\t\t<p><em>PS : si tu as besoin d\u2019aller encore + loin dans le d\u00e9veloppement de ton activit\u00e9, sache que je propose aussi la cr\u00e9ation de sites web sur-mesure (oui oui, j\u2019ai + d\u2019un tour dans mon sac \ud83e\udd2a). Fais-moi donc signe si c&rsquo;est le cas !<\/em><\/p>\t\t\t\t\t\t\t\t<\/div>\n\t\t\t\t<div class=\"elementor-element elementor-element-40252fa elementor-button-align-center elementor-widget elementor-widget-form\" data-id=\"40252fa\" data-element_type=\"widget\" data-settings=\"{&quot;step_next_label&quot;:&quot;Suivant&quot;,&quot;step_previous_label&quot;:&quot;Pr\\u00e9c\\u00e9dent&quot;,&quot;button_width&quot;:&quot;100&quot;,&quot;step_type&quot;:&quot;number_text&quot;,&quot;step_icon_shape&quot;:&quot;circle&quot;}\" data-widget_type=\"form.default\">\n\t\t\t\t\t\t\t<form class=\"elementor-form\" method=\"post\" name=\"Formulaire de contact\" aria-label=\"Formulaire de contact\">\n\t\t\t<input type=\"hidden\" name=\"post_id\" value=\"45\"\/>\n\t\t\t<input type=\"hidden\" name=\"form_id\" value=\"40252fa\"\/>\n\t\t\t<input type=\"hidden\" name=\"referer_title\" value=\"Contact - Lucie Cort\u00e8s\" \/>\n\n\t\t\t\t\t\t\t<input type=\"hidden\" name=\"queried_id\" value=\"45\"\/>\n\t\t\t\n\t\t\t<div class=\"elementor-form-fields-wrapper elementor-labels-\">\n\t\t\t\t\t\t\t\t<div class=\"elementor-field-type-text elementor-field-group elementor-column elementor-field-group-name elementor-col-50 elementor-field-required\">\n\t\t\t\t\t\t\t\t\t\t\t\t<label for=\"form-field-name\" class=\"elementor-field-label elementor-screen-only\">\n\t\t\t\t\t\t\t\tTon pr\u00e9nom\t\t\t\t\t\t\t<\/label>\n\t\t\t\t\t\t\t\t\t\t\t\t\t\t<input size=\"1\" type=\"text\" name=\"form_fields[name]\" id=\"form-field-name\" class=\"elementor-field elementor-size-sm  elementor-field-textual\" placeholder=\"Ton pr\u00e9nom\" required=\"required\">\n\t\t\t\t\t\t\t\t\t\t\t<\/div>\n\t\t\t\t\t\t\t\t<div class=\"elementor-field-type-tel elementor-field-group elementor-column elementor-field-group-field_6c180a9 elementor-col-50 elementor-field-required\">\n\t\t\t\t\t\t\t\t\t\t\t\t<label for=\"form-field-field_6c180a9\" class=\"elementor-field-label elementor-screen-only\">\n\t\t\t\t\t\t\t\tTon num\u00e9ro de t\u00e9l\u00e9phone\t\t\t\t\t\t\t<\/label>\n\t\t\t\t\t\t\t\t<input size=\"1\" type=\"tel\" name=\"form_fields[field_6c180a9]\" id=\"form-field-field_6c180a9\" class=\"elementor-field elementor-size-sm  elementor-field-textual\" placeholder=\"Ton num\u00e9ro de t\u00e9l\u00e9phone\" required=\"required\" pattern=\"[0-9()#&amp;+*-=.]+\" title=\"Seuls les caract\u00e8res de num\u00e9ros de t\u00e9l\u00e9phone (#, -, *, etc.) sont accept\u00e9s.\">\n\n\t\t\t\t\t\t<\/div>\n\t\t\t\t\t\t\t\t<div class=\"elementor-field-type-email elementor-field-group elementor-column elementor-field-group-email elementor-col-50 elementor-field-required\">\n\t\t\t\t\t\t\t\t\t\t\t\t<label for=\"form-field-email\" class=\"elementor-field-label elementor-screen-only\">\n\t\t\t\t\t\t\t\tTon adresse mail\t\t\t\t\t\t\t<\/label>\n\t\t\t\t\t\t\t\t\t\t\t\t\t\t<input size=\"1\" type=\"email\" name=\"form_fields[email]\" id=\"form-field-email\" class=\"elementor-field elementor-size-sm  elementor-field-textual\" placeholder=\"Ton adresse mail\" required=\"required\">\n\t\t\t\t\t\t\t\t\t\t\t<\/div>\n\t\t\t\t\t\t\t\t<div class=\"elementor-field-type-email elementor-field-group elementor-column elementor-field-group-field_b81bc20 elementor-col-50 elementor-field-required\">\n\t\t\t\t\t\t\t\t\t\t\t\t<label for=\"form-field-field_b81bc20\" class=\"elementor-field-label elementor-screen-only\">\n\t\t\t\t\t\t\t\tTa profession\t\t\t\t\t\t\t<\/label>\n\t\t\t\t\t\t\t\t\t\t\t\t\t\t<input size=\"1\" type=\"email\" name=\"form_fields[field_b81bc20]\" id=\"form-field-field_b81bc20\" class=\"elementor-field elementor-size-sm  elementor-field-textual\" placeholder=\"Ta profession\" required=\"required\">\n\t\t\t\t\t\t\t\t\t\t\t<\/div>\n\t\t\t\t\t\t\t\t<div class=\"elementor-field-type-textarea elementor-field-group elementor-column elementor-field-group-message elementor-col-100\">\n\t\t\t\t\t\t\t\t\t\t\t\t<label for=\"form-field-message\" class=\"elementor-field-label elementor-screen-only\">\n\t\t\t\t\t\t\t\tDis-moi tout !\t\t\t\t\t\t\t<\/label>\n\t\t\t\t\t\t<textarea class=\"elementor-field-textual elementor-field  elementor-size-sm\" name=\"form_fields[message]\" id=\"form-field-message\" rows=\"4\" placeholder=\"Dis-moi tout !\"><\/textarea>\t\t\t\t<\/div>\n\t\t\t\t\t\t\t\t<div class=\"elementor-field-group elementor-column elementor-field-type-submit elementor-col-100 e-form__buttons\">\n\t\t\t\t\t<button class=\"elementor-button elementor-size-sm\" type=\"submit\">\n\t\t\t\t\t\t<span class=\"elementor-button-content-wrapper\">\n\t\t\t\t\t\t\t\t\t\t\t\t\t\t\t\t\t\t\t\t\t\t<span class=\"elementor-button-text\">Envoyer<\/span>\n\t\t\t\t\t\t\t\t\t\t\t\t\t<\/span>\n\t\t\t\t\t<\/button>\n\t\t\t\t<\/div>\n\t\t\t<\/div>\n\t\t<\/form>\n\t\t\t\t\t\t<\/div>\n\t\t\t\t<div class=\"elementor-element elementor-element-60b4edf9 elementor-align-center elementor-widget elementor-widget-button\" data-id=\"60b4edf9\" data-element_type=\"widget\" data-widget_type=\"button.default\">\n\t\t\t\t\t\t\t\t\t\t<a class=\"elementor-button elementor-button-link elementor-size-sm elementor-animation-grow\" href=\"https:\/\/calendly.com\/luciecortes\/30min\" target=\"_blank\">\n\t\t\t\t\t\t<span class=\"elementor-button-content-wrapper\">\n\t\t\t\t\t\t\t\t\t<span class=\"elementor-button-text\">Ou r\u00e9serve ton appel d\u00e9couverte directement ici ! \ud83d\udcde<\/span>\n\t\t\t\t\t<\/span>\n\t\t\t\t\t<\/a>\n\t\t\t\t\t\t\t\t<\/div>\n\t\t\t\t\t<\/div>\n\t\t\t\t<\/div>\n\t\t\t\t<\/div>\n\t\t","protected":false},"excerpt":{"rendered":"<p>Ton projet, tes besoins, tes objectifs&#8230; Parlons-en ! Tu aimerais te lancer ? Je suis \u00e0 ton \u00e9coute ! Je serais ravie de pouvoir \u00e9changer avec toi afin de te proposer LA solution qui te correspondra le mieux. \ud83e\udef6 Pour cela, n\u2019h\u00e9site pas \u00e0 me laisser un petit message ci-dessous : PS : si tu [&hellip;]<\/p>\n","protected":false},"author":1,"featured_media":641,"parent":0,"menu_order":0,"comment_status":"closed","ping_status":"closed","template":"elementor_header_footer","meta":{"footnotes":""},"class_list":["post-45","page","type-page","status-publish","has-post-thumbnail","hentry"],"yoast_head":"<!-- This site is optimized with the Yoast SEO plugin v26.4 - https:\/\/yoast.com\/wordpress\/plugins\/seo\/ -->\n<title>Contact - Lucie Cort\u00e8s<\/title>\n<meta name=\"description\" content=\"Parlons de ta strat\u00e9gie r\u00e9seaux sociaux et b\u00e2tissons un plan efficace pour\u00a0gagner en clients\u00a0et en\u00a0s\u00e9r\u00e9nit\u00e9 !\" \/>\n<meta name=\"robots\" content=\"index, follow, max-snippet:-1, max-image-preview:large, max-video-preview:-1\" \/>\n<link rel=\"canonical\" href=\"https:\/\/luciecortes.com\/?page_id=45\" \/>\n<meta property=\"og:locale\" content=\"fr_FR\" \/>\n<meta property=\"og:type\" content=\"article\" \/>\n<meta property=\"og:title\" content=\"Contact - Lucie Cort\u00e8s\" \/>\n<meta property=\"og:description\" content=\"Parlons de ta strat\u00e9gie r\u00e9seaux sociaux et b\u00e2tissons un plan efficace pour\u00a0gagner en clients\u00a0et en\u00a0s\u00e9r\u00e9nit\u00e9 !\" \/>\n<meta property=\"og:url\" content=\"https:\/\/luciecortes.com\/?page_id=45\" \/>\n<meta property=\"og:site_name\" content=\"Lucie Cort\u00e8s\" \/>\n<meta property=\"article:modified_time\" content=\"2025-11-28T15:00:05+00:00\" \/>\n<meta property=\"og:image\" content=\"https:\/\/luciecortes.com\/wp-content\/uploads\/2025\/11\/Sans-titre-1600-x-600-px-2-1-scaled.png\" \/>\n\t<meta property=\"og:image:width\" content=\"2560\" \/>\n\t<meta property=\"og:image:height\" content=\"960\" \/>\n\t<meta property=\"og:image:type\" content=\"image\/png\" \/>\n<meta name=\"twitter:card\" content=\"summary_large_image\" \/>\n<meta name=\"twitter:label1\" content=\"Dur\u00e9e de lecture estim\u00e9e\" \/>\n\t<meta name=\"twitter:data1\" content=\"1 minute\" \/>\n<script type=\"application\/ld+json\" class=\"yoast-schema-graph\">{\"@context\":\"https:\/\/schema.org\",\"@graph\":[{\"@type\":\"WebPage\",\"@id\":\"https:\/\/luciecortes.com\/?page_id=45\",\"url\":\"https:\/\/luciecortes.com\/?page_id=45\",\"name\":\"Contact - Lucie Cort\u00e8s\",\"isPartOf\":{\"@id\":\"https:\/\/luciecortes.com\/#website\"},\"primaryImageOfPage\":{\"@id\":\"https:\/\/luciecortes.com\/?page_id=45#primaryimage\"},\"image\":{\"@id\":\"https:\/\/luciecortes.com\/?page_id=45#primaryimage\"},\"thumbnailUrl\":\"https:\/\/luciecortes.com\/wp-content\/uploads\/2025\/11\/Sans-titre-1600-x-600-px-2-1-scaled.png\",\"datePublished\":\"2025-10-22T14:09:37+00:00\",\"dateModified\":\"2025-11-28T15:00:05+00:00\",\"description\":\"Parlons de ta strat\u00e9gie r\u00e9seaux sociaux et b\u00e2tissons un plan efficace pour\u00a0gagner en clients\u00a0et en\u00a0s\u00e9r\u00e9nit\u00e9 !\",\"breadcrumb\":{\"@id\":\"https:\/\/luciecortes.com\/?page_id=45#breadcrumb\"},\"inLanguage\":\"fr-FR\",\"potentialAction\":[{\"@type\":\"ReadAction\",\"target\":[\"https:\/\/luciecortes.com\/?page_id=45\"]}]},{\"@type\":\"ImageObject\",\"inLanguage\":\"fr-FR\",\"@id\":\"https:\/\/luciecortes.com\/?page_id=45#primaryimage\",\"url\":\"https:\/\/luciecortes.com\/wp-content\/uploads\/2025\/11\/Sans-titre-1600-x-600-px-2-1-scaled.png\",\"contentUrl\":\"https:\/\/luciecortes.com\/wp-content\/uploads\/2025\/11\/Sans-titre-1600-x-600-px-2-1-scaled.png\",\"width\":2560,\"height\":960,\"caption\":\"contact-lucie-cortes\"},{\"@type\":\"BreadcrumbList\",\"@id\":\"https:\/\/luciecortes.com\/?page_id=45#breadcrumb\",\"itemListElement\":[{\"@type\":\"ListItem\",\"position\":1,\"name\":\"Accueil\",\"item\":\"https:\/\/luciecortes.com\/\"},{\"@type\":\"ListItem\",\"position\":2,\"name\":\"Contact\"}]},{\"@type\":\"WebSite\",\"@id\":\"https:\/\/luciecortes.com\/#website\",\"url\":\"https:\/\/luciecortes.com\/\",\"name\":\"Lucie Cort\u00e8s\",\"description\":\"\",\"publisher\":{\"@id\":\"https:\/\/luciecortes.com\/#organization\"},\"potentialAction\":[{\"@type\":\"SearchAction\",\"target\":{\"@type\":\"EntryPoint\",\"urlTemplate\":\"https:\/\/luciecortes.com\/?s={search_term_string}\"},\"query-input\":{\"@type\":\"PropertyValueSpecification\",\"valueRequired\":true,\"valueName\":\"search_term_string\"}}],\"inLanguage\":\"fr-FR\"},{\"@type\":\"Organization\",\"@id\":\"https:\/\/luciecortes.com\/#organization\",\"name\":\"Lucie Cort\u00e8s\",\"url\":\"https:\/\/luciecortes.com\/\",\"logo\":{\"@type\":\"ImageObject\",\"inLanguage\":\"fr-FR\",\"@id\":\"https:\/\/luciecortes.com\/#\/schema\/logo\/image\/\",\"url\":\"https:\/\/luciecortes.com\/wp-content\/uploads\/2025\/10\/Lucie-Identites-visuelles.png\",\"contentUrl\":\"https:\/\/luciecortes.com\/wp-content\/uploads\/2025\/10\/Lucie-Identites-visuelles.png\",\"width\":1563,\"height\":1563,\"caption\":\"Lucie Cort\u00e8s\"},\"image\":{\"@id\":\"https:\/\/luciecortes.com\/#\/schema\/logo\/image\/\"}}]}<\/script>\n<!-- \/ Yoast SEO plugin. -->","yoast_head_json":{"title":"Contact - Lucie Cort\u00e8s","description":"Parlons de ta strat\u00e9gie r\u00e9seaux sociaux et b\u00e2tissons un plan efficace pour\u00a0gagner en clients\u00a0et en\u00a0s\u00e9r\u00e9nit\u00e9 !","robots":{"index":"index","follow":"follow","max-snippet":"max-snippet:-1","max-image-preview":"max-image-preview:large","max-video-preview":"max-video-preview:-1"},"canonical":"https:\/\/luciecortes.com\/?page_id=45","og_locale":"fr_FR","og_type":"article","og_title":"Contact - Lucie Cort\u00e8s","og_description":"Parlons de ta strat\u00e9gie r\u00e9seaux sociaux et b\u00e2tissons un plan efficace pour\u00a0gagner en clients\u00a0et en\u00a0s\u00e9r\u00e9nit\u00e9 !","og_url":"https:\/\/luciecortes.com\/?page_id=45","og_site_name":"Lucie Cort\u00e8s","article_modified_time":"2025-11-28T15:00:05+00:00","og_image":[{"width":2560,"height":960,"url":"https:\/\/luciecortes.com\/wp-content\/uploads\/2025\/11\/Sans-titre-1600-x-600-px-2-1-scaled.png","type":"image\/png"}],"twitter_card":"summary_large_image","twitter_misc":{"Dur\u00e9e de lecture estim\u00e9e":"1 minute"},"schema":{"@context":"https:\/\/schema.org","@graph":[{"@type":"WebPage","@id":"https:\/\/luciecortes.com\/?page_id=45","url":"https:\/\/luciecortes.com\/?page_id=45","name":"Contact - Lucie Cort\u00e8s","isPartOf":{"@id":"https:\/\/luciecortes.com\/#website"},"primaryImageOfPage":{"@id":"https:\/\/luciecortes.com\/?page_id=45#primaryimage"},"image":{"@id":"https:\/\/luciecortes.com\/?page_id=45#primaryimage"},"thumbnailUrl":"https:\/\/luciecortes.com\/wp-content\/uploads\/2025\/11\/Sans-titre-1600-x-600-px-2-1-scaled.png","datePublished":"2025-10-22T14:09:37+00:00","dateModified":"2025-11-28T15:00:05+00:00","description":"Parlons de ta strat\u00e9gie r\u00e9seaux sociaux et b\u00e2tissons un plan efficace pour\u00a0gagner en clients\u00a0et en\u00a0s\u00e9r\u00e9nit\u00e9 !","breadcrumb":{"@id":"https:\/\/luciecortes.com\/?page_id=45#breadcrumb"},"inLanguage":"fr-FR","potentialAction":[{"@type":"ReadAction","target":["https:\/\/luciecortes.com\/?page_id=45"]}]},{"@type":"ImageObject","inLanguage":"fr-FR","@id":"https:\/\/luciecortes.com\/?page_id=45#primaryimage","url":"https:\/\/luciecortes.com\/wp-content\/uploads\/2025\/11\/Sans-titre-1600-x-600-px-2-1-scaled.png","contentUrl":"https:\/\/luciecortes.com\/wp-content\/uploads\/2025\/11\/Sans-titre-1600-x-600-px-2-1-scaled.png","width":2560,"height":960,"caption":"contact-lucie-cortes"},{"@type":"BreadcrumbList","@id":"https:\/\/luciecortes.com\/?page_id=45#breadcrumb","itemListElement":[{"@type":"ListItem","position":1,"name":"Accueil","item":"https:\/\/luciecortes.com\/"},{"@type":"ListItem","position":2,"name":"Contact"}]},{"@type":"WebSite","@id":"https:\/\/luciecortes.com\/#website","url":"https:\/\/luciecortes.com\/","name":"Lucie Cort\u00e8s","description":"","publisher":{"@id":"https:\/\/luciecortes.com\/#organization"},"potentialAction":[{"@type":"SearchAction","target":{"@type":"EntryPoint","urlTemplate":"https:\/\/luciecortes.com\/?s={search_term_string}"},"query-input":{"@type":"PropertyValueSpecification","valueRequired":true,"valueName":"search_term_string"}}],"inLanguage":"fr-FR"},{"@type":"Organization","@id":"https:\/\/luciecortes.com\/#organization","name":"Lucie Cort\u00e8s","url":"https:\/\/luciecortes.com\/","logo":{"@type":"ImageObject","inLanguage":"fr-FR","@id":"https:\/\/luciecortes.com\/#\/schema\/logo\/image\/","url":"https:\/\/luciecortes.com\/wp-content\/uploads\/2025\/10\/Lucie-Identites-visuelles.png","contentUrl":"https:\/\/luciecortes.com\/wp-content\/uploads\/2025\/10\/Lucie-Identites-visuelles.png","width":1563,"height":1563,"caption":"Lucie Cort\u00e8s"},"image":{"@id":"https:\/\/luciecortes.com\/#\/schema\/logo\/image\/"}}]}},"_links":{"self":[{"href":"https:\/\/luciecortes.com\/index.php?rest_route=\/wp\/v2\/pages\/45","targetHints":{"allow":["GET"]}}],"collection":[{"href":"https:\/\/luciecortes.com\/index.php?rest_route=\/wp\/v2\/pages"}],"about":[{"href":"https:\/\/luciecortes.com\/index.php?rest_route=\/wp\/v2\/types\/page"}],"author":[{"embeddable":true,"href":"https:\/\/luciecortes.com\/index.php?rest_route=\/wp\/v2\/users\/1"}],"replies":[{"embeddable":true,"href":"https:\/\/luciecortes.com\/index.php?rest_route=%2Fwp%2Fv2%2Fcomments&post=45"}],"version-history":[{"count":49,"href":"https:\/\/luciecortes.com\/index.php?rest_route=\/wp\/v2\/pages\/45\/revisions"}],"predecessor-version":[{"id":710,"href":"https:\/\/luciecortes.com\/index.php?rest_route=\/wp\/v2\/pages\/45\/revisions\/710"}],"wp:featuredmedia":[{"embeddable":true,"href":"https:\/\/luciecortes.com\/index.php?rest_route=\/wp\/v2\/media\/641"}],"wp:attachment":[{"href":"https:\/\/luciecortes.com\/index.php?rest_route=%2Fwp%2Fv2%2Fmedia&parent=45"}],"curies":[{"name":"wp","href":"https:\/\/api.w.org\/{rel}","templated":true}]}}