{"id":777,"date":"2025-12-03T16:00:55","date_gmt":"2025-12-03T15:00:55","guid":{"rendered":"https:\/\/luciecortes.com\/?page_id=777"},"modified":"2025-12-03T16:06:59","modified_gmt":"2025-12-03T15:06:59","slug":"mentions-legales","status":"publish","type":"page","link":"https:\/\/luciecortes.com\/?page_id=777","title":{"rendered":"Mentions l\u00e9gales"},"content":{"rendered":"\t\t<div data-elementor-type=\"wp-page\" data-elementor-id=\"777\" class=\"elementor elementor-777\" data-elementor-post-type=\"page\">\n\t\t\t\t<div class=\"elementor-element elementor-element-7c4e7291 e-con-full e-flex e-con e-parent\" data-id=\"7c4e7291\" data-element_type=\"container\" data-settings=\"{&quot;background_background&quot;:&quot;classic&quot;}\">\n\t\t\t\t<div class=\"elementor-element elementor-element-666da8fc elementor-widget elementor-widget-heading\" data-id=\"666da8fc\" data-element_type=\"widget\" data-widget_type=\"heading.default\">\n\t\t\t\t\t<h2 class=\"elementor-heading-title elementor-size-default\">Mentions l\u00e9gales<\/h2>\t\t\t\t<\/div>\n\t\t\t\t<div class=\"elementor-element elementor-element-3509d6d4 elementor-widget__width-initial elementor-widget-mobile__width-inherit elementor-widget elementor-widget-text-editor\" data-id=\"3509d6d4\" data-element_type=\"widget\" data-widget_type=\"text-editor.default\">\n\t\t\t\t\t\t\t\t\t<p>Derni\u00e8re mise \u00e0 jour : D\u00e9cembre 2025<\/p><p>\u00a0<\/p><ol><li><strong>\u00c9diteur du site<\/strong><\/li><\/ol><p>Le pr\u00e9sent site est \u00e9dit\u00e9 par : Lucie CORT\u00c8S<\/p><p>Statut : Micro-entreprise<\/p><p>SIREN : 984 046 318<\/p><p>Adresse : 35 avenue L\u00e9on Blum, 13310 Saint-Martin-de-Crau, France<\/p><p>Email : <a href=\"mailto:hello@luciecortes.com\">hello@luciecortes.com<\/a><\/p><p>T\u00e9l\u00e9phone : 06.84.72.65.09<\/p><p>Responsable de la publication : Lucie CORT\u00c8S<\/p><p>\u00a0<\/p><ol start=\"2\"><li><strong>H\u00e9bergeur du site<\/strong><\/li><\/ol><p>Le site est h\u00e9berg\u00e9 par : OVH<\/p><p>Adresse : 2 rue Kellermann, 59100 Roubaix, France<\/p><p>Site : <a href=\"https:\/\/www.ovhcloud.com\/\">https:\/\/www.ovhcloud.com\/<\/a><\/p><p>\u00a0<\/p><ol start=\"3\"><li><strong>Activit\u00e9s exerc\u00e9es<\/strong><\/li><\/ol><p>L\u2019entreprise propose principalement :<\/p><ul><li>Community Management<\/li><li>Coaching personnalis\u00e9 en communication digitale<\/li><li>Formation aux r\u00e9seaux sociaux<\/li><li>Accompagnement strat\u00e9gique pour les r\u00e9seaux sociaux<\/li><\/ul><p>\u00a0<\/p><ol start=\"4\"><li><strong>Propri\u00e9t\u00e9 intellectuelle<\/strong><\/li><\/ol><p>L\u2019ensemble du contenu pr\u00e9sent sur ce site (textes, images, vid\u00e9os, graphismes, logo, identit\u00e9 visuelle, etc.) est prot\u00e9g\u00e9 par le Code de la Propri\u00e9t\u00e9 Intellectuelle.<\/p><p>Toute reproduction, repr\u00e9sentation, modification ou diffusion, totale ou partielle, est strictement interdite sans autorisation \u00e9crite pr\u00e9alable.<\/p><p>\u00a0<\/p><ol start=\"5\"><li><strong>Donn\u00e9es personnelles<\/strong><\/li><\/ol><p>Conform\u00e9ment au RGPD et \u00e0 la loi Informatique et Libert\u00e9s, l\u2019utilisateur dispose d\u2019un droit d\u2019acc\u00e8s, de rectification, de suppression et d\u2019opposition concernant ses donn\u00e9es personnelles.<\/p><p>Pour exercer ces droits, une demande peut \u00eatre envoy\u00e9e \u00e0 : <a href=\"mailto:hello@luciecortes.com\">hello@luciecortes.com<\/a><\/p><p>Pour plus d\u2019informations, consultez la Politique de confidentialit\u00e9 du site.<\/p><p>\u00a0<\/p><ol start=\"6\"><li><strong>Cookies<\/strong><\/li><\/ol><p>Le site peut utiliser des cookies destin\u00e9s \u00e0 am\u00e9liorer la navigation ou analyser l\u2019audience.<\/p><p>Pour en savoir plus ou g\u00e9rer vos pr\u00e9f\u00e9rences, consultez la\u00a0Politique de cookies.<\/p><p>\u00a0<\/p><ol start=\"7\"><li><strong>Limitations de responsabilit\u00e9<\/strong><\/li><\/ol><p>L\u2019\u00e9diteur ne saurait \u00eatre tenu responsable :<\/p><ul><li>de tout dommage direct ou indirect r\u00e9sultant de l\u2019utilisation du site,<\/li><li>d\u2019une interruption du service,<\/li><li>d\u2019\u00e9ventuels bugs ou inexactitudes.<\/li><\/ul><p>L\u2019utilisateur reste responsable de son \u00e9quipement informatique et de sa connexion internet.<\/p><p>\u00a0<\/p><ol start=\"8\"><li><strong>Liens externes<\/strong><\/li><\/ol><p>Le site peut contenir des liens vers des sites tiers.<\/p><p>L\u2019\u00e9diteur ne peut \u00eatre tenu responsable du contenu de ces sites externes.<\/p><p>\u00a0<\/p><ol start=\"9\"><li><strong>Contact<\/strong><\/li><\/ol><p>Pour toute question concernant ces mentions l\u00e9gales, vous pouvez contacter : <a href=\"mailto:hello@luciecortes.com\">hello@luciecortes.com<\/a><\/p>\t\t\t\t\t\t\t\t<\/div>\n\t\t\t\t<\/div>\n\t\t\t\t<\/div>\n\t\t","protected":false},"excerpt":{"rendered":"<p>Mentions l\u00e9gales Derni\u00e8re mise \u00e0 jour : D\u00e9cembre 2025 \u00a0 \u00c9diteur du site Le pr\u00e9sent site est \u00e9dit\u00e9 par : Lucie CORT\u00c8S Statut : Micro-entreprise SIREN : 984 046 318 Adresse : 35 avenue L\u00e9on Blum, 13310 Saint-Martin-de-Crau, France Email : hello@luciecortes.com T\u00e9l\u00e9phone : 06.84.72.65.09 Responsable de la publication : Lucie CORT\u00c8S \u00a0 H\u00e9bergeur du [&hellip;]<\/p>\n","protected":false},"author":1,"featured_media":0,"parent":0,"menu_order":0,"comment_status":"closed","ping_status":"closed","template":"","meta":{"footnotes":""},"class_list":["post-777","page","type-page","status-publish","hentry"],"yoast_head":"<!-- This site is optimized with the Yoast SEO plugin v26.4 - https:\/\/yoast.com\/wordpress\/plugins\/seo\/ -->\n<title>Mentions l\u00e9gales - Lucie Cort\u00e8s<\/title>\n<meta name=\"robots\" content=\"index, follow, max-snippet:-1, max-image-preview:large, max-video-preview:-1\" \/>\n<link rel=\"canonical\" href=\"https:\/\/luciecortes.com\/?page_id=777\" \/>\n<meta property=\"og:locale\" content=\"fr_FR\" \/>\n<meta property=\"og:type\" content=\"article\" \/>\n<meta property=\"og:title\" content=\"Mentions l\u00e9gales - Lucie Cort\u00e8s\" \/>\n<meta property=\"og:description\" content=\"Mentions l\u00e9gales Derni\u00e8re mise \u00e0 jour : D\u00e9cembre 2025 \u00a0 \u00c9diteur du site Le pr\u00e9sent site est \u00e9dit\u00e9 par : Lucie CORT\u00c8S Statut : Micro-entreprise SIREN : 984 046 318 Adresse : 35 avenue L\u00e9on Blum, 13310 Saint-Martin-de-Crau, France Email : hello@luciecortes.com T\u00e9l\u00e9phone : 06.84.72.65.09 Responsable de la publication : Lucie CORT\u00c8S \u00a0 H\u00e9bergeur du [&hellip;]\" \/>\n<meta property=\"og:url\" content=\"https:\/\/luciecortes.com\/?page_id=777\" \/>\n<meta property=\"og:site_name\" content=\"Lucie Cort\u00e8s\" \/>\n<meta property=\"article:modified_time\" content=\"2025-12-03T15:06:59+00:00\" \/>\n<meta name=\"twitter:card\" content=\"summary_large_image\" \/>\n<meta name=\"twitter:label1\" content=\"Dur\u00e9e de lecture estim\u00e9e\" \/>\n\t<meta name=\"twitter:data1\" content=\"2 minutes\" \/>\n<script type=\"application\/ld+json\" class=\"yoast-schema-graph\">{\"@context\":\"https:\/\/schema.org\",\"@graph\":[{\"@type\":\"WebPage\",\"@id\":\"https:\/\/luciecortes.com\/?page_id=777\",\"url\":\"https:\/\/luciecortes.com\/?page_id=777\",\"name\":\"Mentions l\u00e9gales - Lucie Cort\u00e8s\",\"isPartOf\":{\"@id\":\"https:\/\/luciecortes.com\/#website\"},\"datePublished\":\"2025-12-03T15:00:55+00:00\",\"dateModified\":\"2025-12-03T15:06:59+00:00\",\"breadcrumb\":{\"@id\":\"https:\/\/luciecortes.com\/?page_id=777#breadcrumb\"},\"inLanguage\":\"fr-FR\",\"potentialAction\":[{\"@type\":\"ReadAction\",\"target\":[\"https:\/\/luciecortes.com\/?page_id=777\"]}]},{\"@type\":\"BreadcrumbList\",\"@id\":\"https:\/\/luciecortes.com\/?page_id=777#breadcrumb\",\"itemListElement\":[{\"@type\":\"ListItem\",\"position\":1,\"name\":\"Accueil\",\"item\":\"https:\/\/luciecortes.com\/\"},{\"@type\":\"ListItem\",\"position\":2,\"name\":\"Mentions l\u00e9gales\"}]},{\"@type\":\"WebSite\",\"@id\":\"https:\/\/luciecortes.com\/#website\",\"url\":\"https:\/\/luciecortes.com\/\",\"name\":\"Lucie Cort\u00e8s\",\"description\":\"\",\"publisher\":{\"@id\":\"https:\/\/luciecortes.com\/#organization\"},\"potentialAction\":[{\"@type\":\"SearchAction\",\"target\":{\"@type\":\"EntryPoint\",\"urlTemplate\":\"https:\/\/luciecortes.com\/?s={search_term_string}\"},\"query-input\":{\"@type\":\"PropertyValueSpecification\",\"valueRequired\":true,\"valueName\":\"search_term_string\"}}],\"inLanguage\":\"fr-FR\"},{\"@type\":\"Organization\",\"@id\":\"https:\/\/luciecortes.com\/#organization\",\"name\":\"Lucie Cort\u00e8s\",\"url\":\"https:\/\/luciecortes.com\/\",\"logo\":{\"@type\":\"ImageObject\",\"inLanguage\":\"fr-FR\",\"@id\":\"https:\/\/luciecortes.com\/#\/schema\/logo\/image\/\",\"url\":\"https:\/\/luciecortes.com\/wp-content\/uploads\/2025\/10\/Lucie-Identites-visuelles.png\",\"contentUrl\":\"https:\/\/luciecortes.com\/wp-content\/uploads\/2025\/10\/Lucie-Identites-visuelles.png\",\"width\":1563,\"height\":1563,\"caption\":\"Lucie Cort\u00e8s\"},\"image\":{\"@id\":\"https:\/\/luciecortes.com\/#\/schema\/logo\/image\/\"}}]}<\/script>\n<!-- \/ Yoast SEO plugin. -->","yoast_head_json":{"title":"Mentions l\u00e9gales - Lucie Cort\u00e8s","robots":{"index":"index","follow":"follow","max-snippet":"max-snippet:-1","max-image-preview":"max-image-preview:large","max-video-preview":"max-video-preview:-1"},"canonical":"https:\/\/luciecortes.com\/?page_id=777","og_locale":"fr_FR","og_type":"article","og_title":"Mentions l\u00e9gales - Lucie Cort\u00e8s","og_description":"Mentions l\u00e9gales Derni\u00e8re mise \u00e0 jour : D\u00e9cembre 2025 \u00a0 \u00c9diteur du site Le pr\u00e9sent site est \u00e9dit\u00e9 par : Lucie CORT\u00c8S Statut : Micro-entreprise SIREN : 984 046 318 Adresse : 35 avenue L\u00e9on Blum, 13310 Saint-Martin-de-Crau, France Email : hello@luciecortes.com T\u00e9l\u00e9phone : 06.84.72.65.09 Responsable de la publication : Lucie CORT\u00c8S \u00a0 H\u00e9bergeur du [&hellip;]","og_url":"https:\/\/luciecortes.com\/?page_id=777","og_site_name":"Lucie Cort\u00e8s","article_modified_time":"2025-12-03T15:06:59+00:00","twitter_card":"summary_large_image","twitter_misc":{"Dur\u00e9e de lecture estim\u00e9e":"2 minutes"},"schema":{"@context":"https:\/\/schema.org","@graph":[{"@type":"WebPage","@id":"https:\/\/luciecortes.com\/?page_id=777","url":"https:\/\/luciecortes.com\/?page_id=777","name":"Mentions l\u00e9gales - Lucie Cort\u00e8s","isPartOf":{"@id":"https:\/\/luciecortes.com\/#website"},"datePublished":"2025-12-03T15:00:55+00:00","dateModified":"2025-12-03T15:06:59+00:00","breadcrumb":{"@id":"https:\/\/luciecortes.com\/?page_id=777#breadcrumb"},"inLanguage":"fr-FR","potentialAction":[{"@type":"ReadAction","target":["https:\/\/luciecortes.com\/?page_id=777"]}]},{"@type":"BreadcrumbList","@id":"https:\/\/luciecortes.com\/?page_id=777#breadcrumb","itemListElement":[{"@type":"ListItem","position":1,"name":"Accueil","item":"https:\/\/luciecortes.com\/"},{"@type":"ListItem","position":2,"name":"Mentions l\u00e9gales"}]},{"@type":"WebSite","@id":"https:\/\/luciecortes.com\/#website","url":"https:\/\/luciecortes.com\/","name":"Lucie Cort\u00e8s","description":"","publisher":{"@id":"https:\/\/luciecortes.com\/#organization"},"potentialAction":[{"@type":"SearchAction","target":{"@type":"EntryPoint","urlTemplate":"https:\/\/luciecortes.com\/?s={search_term_string}"},"query-input":{"@type":"PropertyValueSpecification","valueRequired":true,"valueName":"search_term_string"}}],"inLanguage":"fr-FR"},{"@type":"Organization","@id":"https:\/\/luciecortes.com\/#organization","name":"Lucie Cort\u00e8s","url":"https:\/\/luciecortes.com\/","logo":{"@type":"ImageObject","inLanguage":"fr-FR","@id":"https:\/\/luciecortes.com\/#\/schema\/logo\/image\/","url":"https:\/\/luciecortes.com\/wp-content\/uploads\/2025\/10\/Lucie-Identites-visuelles.png","contentUrl":"https:\/\/luciecortes.com\/wp-content\/uploads\/2025\/10\/Lucie-Identites-visuelles.png","width":1563,"height":1563,"caption":"Lucie Cort\u00e8s"},"image":{"@id":"https:\/\/luciecortes.com\/#\/schema\/logo\/image\/"}}]}},"_links":{"self":[{"href":"https:\/\/luciecortes.com\/index.php?rest_route=\/wp\/v2\/pages\/777","targetHints":{"allow":["GET"]}}],"collection":[{"href":"https:\/\/luciecortes.com\/index.php?rest_route=\/wp\/v2\/pages"}],"about":[{"href":"https:\/\/luciecortes.com\/index.php?rest_route=\/wp\/v2\/types\/page"}],"author":[{"embeddable":true,"href":"https:\/\/luciecortes.com\/index.php?rest_route=\/wp\/v2\/users\/1"}],"replies":[{"embeddable":true,"href":"https:\/\/luciecortes.com\/index.php?rest_route=%2Fwp%2Fv2%2Fcomments&post=777"}],"version-history":[{"count":7,"href":"https:\/\/luciecortes.com\/index.php?rest_route=\/wp\/v2\/pages\/777\/revisions"}],"predecessor-version":[{"id":784,"href":"https:\/\/luciecortes.com\/index.php?rest_route=\/wp\/v2\/pages\/777\/revisions\/784"}],"wp:attachment":[{"href":"https:\/\/luciecortes.com\/index.php?rest_route=%2Fwp%2Fv2%2Fmedia&parent=777"}],"curies":[{"name":"wp","href":"https:\/\/api.w.org\/{rel}","templated":true}]}}